{"id":857,"date":"2025-03-07T10:13:45","date_gmt":"2025-03-07T10:13:45","guid":{"rendered":"https:\/\/atelier.rentz.at\/?page_id=2"},"modified":"2025-10-17T15:06:06","modified_gmt":"2025-10-17T15:06:06","slug":"about","status":"publish","type":"page","link":"https:\/\/atelier.rentz.at\/en\/about\/","title":{"rendered":"About me \u2026"},"content":{"rendered":"<p class=\"has-medium-font-size\">\u2026 I don\u2019t want to talk too much, because my works play de main role. They already tell a lot about my life, what has shaped me and what moves me. But a little basic information is allowed.<\/p>\n\n\n\n<h2 class=\"wp-block-heading\"><br>Personal Information<\/h2>\n\n\n\n<figure class=\"wp-block-table alignwide has-medium-font-size\"><table class=\"has-accent-5-background-color has-background\"><tbody><tr><td>Year of Birth:<\/td><td>1969<\/td><\/tr><tr><td>Raised in:<\/td><td>Freistadt, Upper Austria<\/td><\/tr><tr><td>Residence since 1987:<\/td><td>Graz, Styria<\/td><\/tr><tr><td>Marital Status:<\/td><td>Married, two daughters<\/td><\/tr><tr><td>Education:<\/td><td>Secondary school diploma (Matura), Bachelor\u2019s degree in Process Engineering<\/td><\/tr><\/tbody><\/table><\/figure>\n\n\n\n<h2 class=\"wp-block-heading\"><br>Artistic Background<\/h2>\n\n\n\n<p class=\"has-medium-font-size\">From early childhood, I felt a deep fascination for colors and painting. My first creative explorations began with reverse glass painting. As a young adult, I turned to pastel painting, and later discovered acrylics, which became an important medium for me to explore further.<\/p>\n\n\n\n<p class=\"has-medium-font-size\">Due to limited access to formal art education for many years, I became accustomed to developing my skills primarily through self-teaching. However, since 2008 I have been able to regularly participate in art courses and painting retreats, enriching my practice through active exchange with fellow artists and professional instruction.<\/p>\n\n\n\n<p>Key influences and mentors include:<\/p>\n\n\n\n<figure class=\"wp-block-table has-medium-font-size\"><table class=\"has-accent-5-background-color has-background has-fixed-layout\"><tbody><tr><td>Eftichia Schlamadinger<\/td><td>Acrylic painting, painting retreats<\/td><\/tr><tr><td>Mag. art Berenike Wasserthal-Zuccari<\/td><td>Life drawing, portrait drawing<\/td><\/tr><tr><td>Edgar Miesbichler<\/td><td>Quick sketching, life drawing, fast watercolour<\/td><\/tr><tr><td>Helga Hudin<\/td><td>Experimental watercolour techniques<\/td><\/tr><tr><td>Therese Kniepei\u00df<\/td><td>Watercolour painting, painting retreats<\/td><\/tr><tr><td>Wolfgang Baxrainer<\/td><td>Watercolour<\/td><\/tr><\/tbody><\/table><\/figure>\n\n\n\n<p class=\"has-medium-font-size\">Today, my artistic focus is mainly on acrylic painting and occasionally watercolours \u2013 two media that offer a rich spectrum of expression and form the foundation of my visual language.<\/p>\n\n\n\n<h2 class=\"wp-block-heading\"><br> Contact<\/h2>\n\n\n\n<p class=\"has-medium-font-size\">Visit me on <a href=\"https:\/\/www.instagram.com\/atelier.rentz\/\" data-type=\"link\" data-id=\"https:\/\/www.instagram.com\/atelier.rentz\/\">Instagram<\/a> or send me an <a href=\"mailto:kontakt@rentz.at\">email<\/a>:<\/p>\n\n\n\n<ul class=\"wp-block-social-links is-layout-flex wp-block-social-links-is-layout-flex\"><li class=\"wp-social-link wp-social-link-instagram  wp-block-social-link\"><a href=\"https:\/\/www.instagram.com\/atelier.rentz\/\" class=\"wp-block-social-link-anchor\"><svg width=\"24\" height=\"24\" viewbox=\"0 0 24 24\" version=\"1.1\" xmlns=\"http:\/\/www.w3.org\/2000\/svg\" aria-hidden=\"true\" focusable=\"false\"><path d=\"M12,4.622c2.403,0,2.688,0.009,3.637,0.052c0.877,0.04,1.354,0.187,1.671,0.31c0.42,0.163,0.72,0.358,1.035,0.673 c0.315,0.315,0.51,0.615,0.673,1.035c0.123,0.317,0.27,0.794,0.31,1.671c0.043,0.949,0.052,1.234,0.052,3.637 s-0.009,2.688-0.052,3.637c-0.04,0.877-0.187,1.354-0.31,1.671c-0.163,0.42-0.358,0.72-0.673,1.035 c-0.315,0.315-0.615,0.51-1.035,0.673c-0.317,0.123-0.794,0.27-1.671,0.31c-0.949,0.043-1.233,0.052-3.637,0.052 s-2.688-0.009-3.637-0.052c-0.877-0.04-1.354-0.187-1.671-0.31c-0.42-0.163-0.72-0.358-1.035-0.673 c-0.315-0.315-0.51-0.615-0.673-1.035c-0.123-0.317-0.27-0.794-0.31-1.671C4.631,14.688,4.622,14.403,4.622,12 s0.009-2.688,0.052-3.637c0.04-0.877,0.187-1.354,0.31-1.671c0.163-0.42,0.358-0.72,0.673-1.035 c0.315-0.315,0.615-0.51,1.035-0.673c0.317-0.123,0.794-0.27,1.671-0.31C9.312,4.631,9.597,4.622,12,4.622 M12,3 C9.556,3,9.249,3.01,8.289,3.054C7.331,3.098,6.677,3.25,6.105,3.472C5.513,3.702,5.011,4.01,4.511,4.511 c-0.5,0.5-0.808,1.002-1.038,1.594C3.25,6.677,3.098,7.331,3.054,8.289C3.01,9.249,3,9.556,3,12c0,2.444,0.01,2.751,0.054,3.711 c0.044,0.958,0.196,1.612,0.418,2.185c0.23,0.592,0.538,1.094,1.038,1.594c0.5,0.5,1.002,0.808,1.594,1.038 c0.572,0.222,1.227,0.375,2.185,0.418C9.249,20.99,9.556,21,12,21s2.751-0.01,3.711-0.054c0.958-0.044,1.612-0.196,2.185-0.418 c0.592-0.23,1.094-0.538,1.594-1.038c0.5-0.5,0.808-1.002,1.038-1.594c0.222-0.572,0.375-1.227,0.418-2.185 C20.99,14.751,21,14.444,21,12s-0.01-2.751-0.054-3.711c-0.044-0.958-0.196-1.612-0.418-2.185c-0.23-0.592-0.538-1.094-1.038-1.594 c-0.5-0.5-1.002-0.808-1.594-1.038c-0.572-0.222-1.227-0.375-2.185-0.418C14.751,3.01,14.444,3,12,3L12,3z M12,7.378 c-2.552,0-4.622,2.069-4.622,4.622S9.448,16.622,12,16.622s4.622-2.069,4.622-4.622S14.552,7.378,12,7.378z M12,15 c-1.657,0-3-1.343-3-3s1.343-3,3-3s3,1.343,3,3S13.657,15,12,15z M16.804,6.116c-0.596,0-1.08,0.484-1.08,1.08 s0.484,1.08,1.08,1.08c0.596,0,1.08-0.484,1.08-1.08S17.401,6.116,16.804,6.116z\"><\/path><\/svg><span class=\"wp-block-social-link-label screen-reader-text\">Instagram<\/span><\/a><\/li>\n\n<li class=\"wp-social-link wp-social-link-mail  wp-block-social-link\"><a href=\"mailto:&#107;o&#110;ta&#107;&#116;&#064;re&#110;t&#122;&#046;&#097;t\" class=\"wp-block-social-link-anchor\"><svg width=\"24\" height=\"24\" viewbox=\"0 0 24 24\" version=\"1.1\" xmlns=\"http:\/\/www.w3.org\/2000\/svg\" aria-hidden=\"true\" focusable=\"false\"><path d=\"M19,5H5c-1.1,0-2,.9-2,2v10c0,1.1.9,2,2,2h14c1.1,0,2-.9,2-2V7c0-1.1-.9-2-2-2zm.5,12c0,.3-.2.5-.5.5H5c-.3,0-.5-.2-.5-.5V9.8l7.5,5.6,7.5-5.6V17zm0-9.1L12,13.6,4.5,7.9V7c0-.3.2-.5.5-.5h14c.3,0,.5.2.5.5v.9z\"><\/path><\/svg><span class=\"wp-block-social-link-label screen-reader-text\">Mail<\/span><\/a><\/li><\/ul>\n\n\n\n<p><\/p>","protected":false},"excerpt":{"rendered":"<p>\u2026 will ich gar nicht so viel plaudern, denn meine Werke spielen die Hauptrolle. Sie erz\u00e4hlen bereits viel aus meinem Leben, was mich gepr\u00e4gt hat und was mich bewegt. Aber ein wenig Grundinformation darf es sein: Pers\u00f6nliche Daten Geboren 1969 Aufgewachsen in Freistadt, Ober\u00f6sterreich Seit 1987 wohnhaft in Graz, Steiermark Familienstand verheiratet, zwei T\u00f6chter Schulbildung [&hellip;]<\/p>","protected":false},"author":1,"featured_media":0,"parent":0,"menu_order":0,"comment_status":"closed","ping_status":"open","template":"","meta":{"footnotes":""},"class_list":["post-857","page","type-page","status-publish","hentry"],"_links":{"self":[{"href":"https:\/\/atelier.rentz.at\/en\/wp-json\/wp\/v2\/pages\/857","targetHints":{"allow":["GET"]}}],"collection":[{"href":"https:\/\/atelier.rentz.at\/en\/wp-json\/wp\/v2\/pages"}],"about":[{"href":"https:\/\/atelier.rentz.at\/en\/wp-json\/wp\/v2\/types\/page"}],"author":[{"embeddable":true,"href":"https:\/\/atelier.rentz.at\/en\/wp-json\/wp\/v2\/users\/1"}],"replies":[{"embeddable":true,"href":"https:\/\/atelier.rentz.at\/en\/wp-json\/wp\/v2\/comments?post=857"}],"version-history":[{"count":2,"href":"https:\/\/atelier.rentz.at\/en\/wp-json\/wp\/v2\/pages\/857\/revisions"}],"predecessor-version":[{"id":1351,"href":"https:\/\/atelier.rentz.at\/en\/wp-json\/wp\/v2\/pages\/857\/revisions\/1351"}],"wp:attachment":[{"href":"https:\/\/atelier.rentz.at\/en\/wp-json\/wp\/v2\/media?parent=857"}],"curies":[{"name":"wp","href":"https:\/\/api.w.org\/{rel}","templated":true}]}}